{"id":379,"date":"2018-12-28T15:48:55","date_gmt":"2018-12-28T15:48:55","guid":{"rendered":"https:\/\/www.comerporahi.es\/blog\/?page_id=379"},"modified":"2021-06-25T09:53:52","modified_gmt":"2021-06-25T09:53:52","slug":"inicio","status":"publish","type":"page","link":"https:\/\/www.comerporahi.es\/blog\/","title":{"rendered":"Inicio"},"content":{"rendered":"<p>[et_pb_section bb_built=\u00bb1&#8243; _builder_version=\u00bb3.19.1&#8243; custom_css_main_element=\u00bbpadding: 4% 0 1% 0!important;\u00bb next_background_color=\u00bb#000000&#8243; custom_padding=\u00bb||0px|\u00bb][et_pb_row _builder_version=\u00bb3.19.1&#8243; custom_margin=\u00bb||0px|\u00bb custom_padding=\u00bb||0px|\u00bb][et_pb_column type=\u00bb4_4&#8243;][et_pb_text _builder_version=\u00bb3.19.1&#8243; custom_margin=\u00bb||0px|\u00bb custom_padding=\u00bb||0px|\u00bb]<\/p>\n<h2 style=\"text-align: center;\">Bienvenidos a nuestro blog<\/h2>\n<p>[\/et_pb_text][\/et_pb_column][\/et_pb_row][\/et_pb_section][et_pb_section bb_built=\u00bb1&#8243; _builder_version=\u00bb3.19.1&#8243; custom_css_main_element=\u00bbpadding: 1% 0!important;\u00bb prev_background_color=\u00bb#000000&#8243;][et_pb_row _builder_version=\u00bb3.19.1&#8243;][et_pb_column type=\u00bb4_4&#8243;][et_pb_blog fullwidth=\u00bboff\u00bb posts_number=\u00bb12&#8243; include_categories=\u00bb4,3,2,1&#8243; meta_date=\u00bbd\/m\/Y\u00bb show_more=\u00bbon\u00bb show_author=\u00bboff\u00bb show_categories=\u00bboff\u00bb _builder_version=\u00bb3.19.1&#8243; header_text_align=\u00bbcenter\u00bb meta_text_align=\u00bbcenter\u00bb box_shadow_style=\u00bbpreset1&#8243; box_shadow_color=\u00bbrgba(106,179,178,0.3)\u00bb text_orientation=\u00bbcenter\u00bb show_date=\u00bboff\u00bb]<\/p>\n<p>[\/et_pb_blog][\/et_pb_column][\/et_pb_row][\/et_pb_section]<\/p>\n","protected":false},"excerpt":{"rendered":"<p>[et_pb_section bb_built=\u00bb1&#8243; _builder_version=\u00bb3.19.1&#8243; custom_css_main_element=\u00bbpadding: 4% 0 1% 0!important;\u00bb next_background_color=\u00bb#000000&#8243; custom_padding=\u00bb||0px|\u00bb][et_pb_row _builder_version=\u00bb3.19.1&#8243; custom_margin=\u00bb||0px|\u00bb custom_padding=\u00bb||0px|\u00bb][et_pb_column type=\u00bb4_4&#8243;][et_pb_text _builder_version=\u00bb3.19.1&#8243; custom_margin=\u00bb||0px|\u00bb custom_padding=\u00bb||0px|\u00bb] Bienvenidos a nuestro blog [\/et_pb_text][\/et_pb_column][\/et_pb_row][\/et_pb_section][et_pb_section bb_built=\u00bb1&#8243; _builder_version=\u00bb3.19.1&#8243; custom_css_main_element=\u00bbpadding: 1% 0!important;\u00bb prev_background_color=\u00bb#000000&#8243;][et_pb_row _builder_version=\u00bb3.19.1&#8243;][et_pb_column type=\u00bb4_4&#8243;][et_pb_blog fullwidth=\u00bboff\u00bb posts_number=\u00bb12&#8243; include_categories=\u00bb4,3,2,1&#8243; meta_date=\u00bbd\/m\/Y\u00bb show_more=\u00bbon\u00bb show_author=\u00bboff\u00bb show_categories=\u00bboff\u00bb _builder_version=\u00bb3.19.1&#8243; header_text_align=\u00bbcenter\u00bb meta_text_align=\u00bbcenter\u00bb box_shadow_style=\u00bbpreset1&#8243; box_shadow_color=\u00bbrgba(106,179,178,0.3)\u00bb text_orientation=\u00bbcenter\u00bb show_date=\u00bboff\u00bb] [\/et_pb_blog][\/et_pb_column][\/et_pb_row][\/et_pb_section]<\/p>\n","protected":false},"author":1,"featured_media":0,"parent":0,"menu_order":0,"comment_status":"closed","ping_status":"closed","template":"","meta":{"_et_pb_use_builder":"on","_et_pb_old_content":"","footnotes":""},"class_list":["post-379","page","type-page","status-publish","hentry"],"yoast_head":"<!-- This site is optimized with the Yoast SEO plugin v24.9 - https:\/\/yoast.com\/wordpress\/plugins\/seo\/ -->\n<title>Inicio - Comer Por Ah\u00ed - Blog<\/title>\n<meta name=\"robots\" content=\"noindex, follow\" \/>\n<meta property=\"og:locale\" content=\"es_ES\" \/>\n<meta property=\"og:type\" content=\"article\" \/>\n<meta property=\"og:title\" content=\"Inicio - Comer Por Ah\u00ed - Blog\" \/>\n<meta property=\"og:description\" content=\"[et_pb_section bb_built=\u00bb1&#8243; _builder_version=\u00bb3.19.1&#8243; custom_css_main_element=\u00bbpadding: 4% 0 1% 0!important;\u00bb next_background_color=\u00bb#000000&#8243; custom_padding=\u00bb||0px|\u00bb][et_pb_row _builder_version=\u00bb3.19.1&#8243; custom_margin=\u00bb||0px|\u00bb custom_padding=\u00bb||0px|\u00bb][et_pb_column type=\u00bb4_4&#8243;][et_pb_text _builder_version=\u00bb3.19.1&#8243; custom_margin=\u00bb||0px|\u00bb custom_padding=\u00bb||0px|\u00bb] Bienvenidos a nuestro blog [\/et_pb_text][\/et_pb_column][\/et_pb_row][\/et_pb_section][et_pb_section bb_built=\u00bb1&#8243; _builder_version=\u00bb3.19.1&#8243; custom_css_main_element=\u00bbpadding: 1% 0!important;\u00bb prev_background_color=\u00bb#000000&#8243;][et_pb_row _builder_version=\u00bb3.19.1&#8243;][et_pb_column type=\u00bb4_4&#8243;][et_pb_blog fullwidth=\u00bboff\u00bb posts_number=\u00bb12&#8243; include_categories=\u00bb4,3,2,1&#8243; meta_date=\u00bbd\/m\/Y\u00bb show_more=\u00bbon\u00bb show_author=\u00bboff\u00bb show_categories=\u00bboff\u00bb _builder_version=\u00bb3.19.1&#8243; header_text_align=\u00bbcenter\u00bb meta_text_align=\u00bbcenter\u00bb box_shadow_style=\u00bbpreset1&#8243; box_shadow_color=\u00bbrgba(106,179,178,0.3)\u00bb text_orientation=\u00bbcenter\u00bb show_date=\u00bboff\u00bb] [\/et_pb_blog][\/et_pb_column][\/et_pb_row][\/et_pb_section]\" \/>\n<meta property=\"og:url\" content=\"https:\/\/www.comerporahi.es\/blog\/\" \/>\n<meta property=\"og:site_name\" content=\"Comer Por Ah\u00ed - Blog\" \/>\n<meta property=\"article:publisher\" content=\"https:\/\/www.facebook.com\/comerporahi\/\" \/>\n<meta property=\"article:modified_time\" content=\"2021-06-25T09:53:52+00:00\" \/>\n<meta name=\"twitter:card\" content=\"summary_large_image\" \/>\n<meta name=\"twitter:site\" content=\"@comerporahi\" \/>\n<meta name=\"twitter:label1\" content=\"Tiempo de lectura\" \/>\n\t<meta name=\"twitter:data1\" content=\"1 minuto\" \/>\n<script type=\"application\/ld+json\" class=\"yoast-schema-graph\">{\"@context\":\"https:\/\/schema.org\",\"@graph\":[{\"@type\":\"WebPage\",\"@id\":\"https:\/\/www.comerporahi.es\/blog\/\",\"url\":\"https:\/\/www.comerporahi.es\/blog\/\",\"name\":\"Inicio - Comer Por Ah\u00ed - Blog\",\"isPartOf\":{\"@id\":\"https:\/\/www.comerporahi.es\/blog\/#website\"},\"datePublished\":\"2018-12-28T15:48:55+00:00\",\"dateModified\":\"2021-06-25T09:53:52+00:00\",\"breadcrumb\":{\"@id\":\"https:\/\/www.comerporahi.es\/blog\/#breadcrumb\"},\"inLanguage\":\"es\",\"potentialAction\":[{\"@type\":\"ReadAction\",\"target\":[\"https:\/\/www.comerporahi.es\/blog\/\"]}]},{\"@type\":\"BreadcrumbList\",\"@id\":\"https:\/\/www.comerporahi.es\/blog\/#breadcrumb\",\"itemListElement\":[{\"@type\":\"ListItem\",\"position\":1,\"name\":\"Portada\",\"item\":\"https:\/\/www.comerporahi.es\/blog\/\"},{\"@type\":\"ListItem\",\"position\":2,\"name\":\"Inicio\"}]},{\"@type\":\"WebSite\",\"@id\":\"https:\/\/www.comerporahi.es\/blog\/#website\",\"url\":\"https:\/\/www.comerporahi.es\/blog\/\",\"name\":\"Comer Por Ah\u00ed - Blog\",\"description\":\"En esta secci\u00f3n encontrar\u00e1s noticias y art\u00edculos sobre restaurantes, men\u00fas, comida,...\",\"publisher\":{\"@id\":\"https:\/\/www.comerporahi.es\/blog\/#organization\"},\"potentialAction\":[{\"@type\":\"SearchAction\",\"target\":{\"@type\":\"EntryPoint\",\"urlTemplate\":\"https:\/\/www.comerporahi.es\/blog\/?s={search_term_string}\"},\"query-input\":{\"@type\":\"PropertyValueSpecification\",\"valueRequired\":true,\"valueName\":\"search_term_string\"}}],\"inLanguage\":\"es\"},{\"@type\":\"Organization\",\"@id\":\"https:\/\/www.comerporahi.es\/blog\/#organization\",\"name\":\"Comer Por Ah\u00ed\",\"url\":\"https:\/\/www.comerporahi.es\/blog\/\",\"logo\":{\"@type\":\"ImageObject\",\"inLanguage\":\"es\",\"@id\":\"https:\/\/www.comerporahi.es\/blog\/#\/schema\/logo\/image\/\",\"url\":\"https:\/\/www.comerporahi.es\/blog\/wp-content\/uploads\/2018\/03\/COMERPORAHI.png\",\"contentUrl\":\"https:\/\/www.comerporahi.es\/blog\/wp-content\/uploads\/2018\/03\/COMERPORAHI.png\",\"width\":885,\"height\":879,\"caption\":\"Comer Por Ah\u00ed\"},\"image\":{\"@id\":\"https:\/\/www.comerporahi.es\/blog\/#\/schema\/logo\/image\/\"},\"sameAs\":[\"https:\/\/www.facebook.com\/comerporahi\/\",\"https:\/\/x.com\/comerporahi\",\"https:\/\/www.instagram.com\/comerporahi\/\"]}]}<\/script>\n<!-- \/ Yoast SEO plugin. -->","yoast_head_json":{"title":"Inicio - Comer Por Ah\u00ed - Blog","robots":{"index":"noindex","follow":"follow"},"og_locale":"es_ES","og_type":"article","og_title":"Inicio - Comer Por Ah\u00ed - Blog","og_description":"[et_pb_section bb_built=\u00bb1&#8243; _builder_version=\u00bb3.19.1&#8243; custom_css_main_element=\u00bbpadding: 4% 0 1% 0!important;\u00bb next_background_color=\u00bb#000000&#8243; custom_padding=\u00bb||0px|\u00bb][et_pb_row _builder_version=\u00bb3.19.1&#8243; custom_margin=\u00bb||0px|\u00bb custom_padding=\u00bb||0px|\u00bb][et_pb_column type=\u00bb4_4&#8243;][et_pb_text _builder_version=\u00bb3.19.1&#8243; custom_margin=\u00bb||0px|\u00bb custom_padding=\u00bb||0px|\u00bb] Bienvenidos a nuestro blog [\/et_pb_text][\/et_pb_column][\/et_pb_row][\/et_pb_section][et_pb_section bb_built=\u00bb1&#8243; _builder_version=\u00bb3.19.1&#8243; custom_css_main_element=\u00bbpadding: 1% 0!important;\u00bb prev_background_color=\u00bb#000000&#8243;][et_pb_row _builder_version=\u00bb3.19.1&#8243;][et_pb_column type=\u00bb4_4&#8243;][et_pb_blog fullwidth=\u00bboff\u00bb posts_number=\u00bb12&#8243; include_categories=\u00bb4,3,2,1&#8243; meta_date=\u00bbd\/m\/Y\u00bb show_more=\u00bbon\u00bb show_author=\u00bboff\u00bb show_categories=\u00bboff\u00bb _builder_version=\u00bb3.19.1&#8243; header_text_align=\u00bbcenter\u00bb meta_text_align=\u00bbcenter\u00bb box_shadow_style=\u00bbpreset1&#8243; box_shadow_color=\u00bbrgba(106,179,178,0.3)\u00bb text_orientation=\u00bbcenter\u00bb show_date=\u00bboff\u00bb] [\/et_pb_blog][\/et_pb_column][\/et_pb_row][\/et_pb_section]","og_url":"https:\/\/www.comerporahi.es\/blog\/","og_site_name":"Comer Por Ah\u00ed - Blog","article_publisher":"https:\/\/www.facebook.com\/comerporahi\/","article_modified_time":"2021-06-25T09:53:52+00:00","twitter_card":"summary_large_image","twitter_site":"@comerporahi","twitter_misc":{"Tiempo de lectura":"1 minuto"},"schema":{"@context":"https:\/\/schema.org","@graph":[{"@type":"WebPage","@id":"https:\/\/www.comerporahi.es\/blog\/","url":"https:\/\/www.comerporahi.es\/blog\/","name":"Inicio - Comer Por Ah\u00ed - Blog","isPartOf":{"@id":"https:\/\/www.comerporahi.es\/blog\/#website"},"datePublished":"2018-12-28T15:48:55+00:00","dateModified":"2021-06-25T09:53:52+00:00","breadcrumb":{"@id":"https:\/\/www.comerporahi.es\/blog\/#breadcrumb"},"inLanguage":"es","potentialAction":[{"@type":"ReadAction","target":["https:\/\/www.comerporahi.es\/blog\/"]}]},{"@type":"BreadcrumbList","@id":"https:\/\/www.comerporahi.es\/blog\/#breadcrumb","itemListElement":[{"@type":"ListItem","position":1,"name":"Portada","item":"https:\/\/www.comerporahi.es\/blog\/"},{"@type":"ListItem","position":2,"name":"Inicio"}]},{"@type":"WebSite","@id":"https:\/\/www.comerporahi.es\/blog\/#website","url":"https:\/\/www.comerporahi.es\/blog\/","name":"Comer Por Ah\u00ed - Blog","description":"En esta secci\u00f3n encontrar\u00e1s noticias y art\u00edculos sobre restaurantes, men\u00fas, comida,...","publisher":{"@id":"https:\/\/www.comerporahi.es\/blog\/#organization"},"potentialAction":[{"@type":"SearchAction","target":{"@type":"EntryPoint","urlTemplate":"https:\/\/www.comerporahi.es\/blog\/?s={search_term_string}"},"query-input":{"@type":"PropertyValueSpecification","valueRequired":true,"valueName":"search_term_string"}}],"inLanguage":"es"},{"@type":"Organization","@id":"https:\/\/www.comerporahi.es\/blog\/#organization","name":"Comer Por Ah\u00ed","url":"https:\/\/www.comerporahi.es\/blog\/","logo":{"@type":"ImageObject","inLanguage":"es","@id":"https:\/\/www.comerporahi.es\/blog\/#\/schema\/logo\/image\/","url":"https:\/\/www.comerporahi.es\/blog\/wp-content\/uploads\/2018\/03\/COMERPORAHI.png","contentUrl":"https:\/\/www.comerporahi.es\/blog\/wp-content\/uploads\/2018\/03\/COMERPORAHI.png","width":885,"height":879,"caption":"Comer Por Ah\u00ed"},"image":{"@id":"https:\/\/www.comerporahi.es\/blog\/#\/schema\/logo\/image\/"},"sameAs":["https:\/\/www.facebook.com\/comerporahi\/","https:\/\/x.com\/comerporahi","https:\/\/www.instagram.com\/comerporahi\/"]}]}},"_links":{"self":[{"href":"https:\/\/www.comerporahi.es\/blog\/wp-json\/wp\/v2\/pages\/379","targetHints":{"allow":["GET"]}}],"collection":[{"href":"https:\/\/www.comerporahi.es\/blog\/wp-json\/wp\/v2\/pages"}],"about":[{"href":"https:\/\/www.comerporahi.es\/blog\/wp-json\/wp\/v2\/types\/page"}],"author":[{"embeddable":true,"href":"https:\/\/www.comerporahi.es\/blog\/wp-json\/wp\/v2\/users\/1"}],"replies":[{"embeddable":true,"href":"https:\/\/www.comerporahi.es\/blog\/wp-json\/wp\/v2\/comments?post=379"}],"version-history":[{"count":13,"href":"https:\/\/www.comerporahi.es\/blog\/wp-json\/wp\/v2\/pages\/379\/revisions"}],"predecessor-version":[{"id":645,"href":"https:\/\/www.comerporahi.es\/blog\/wp-json\/wp\/v2\/pages\/379\/revisions\/645"}],"wp:attachment":[{"href":"https:\/\/www.comerporahi.es\/blog\/wp-json\/wp\/v2\/media?parent=379"}],"curies":[{"name":"wp","href":"https:\/\/api.w.org\/{rel}","templated":true}]}}